{"id":829,"date":"2011-09-26T16:33:10","date_gmt":"2011-09-26T16:33:10","guid":{"rendered":"http:\/\/akustische-kamera.fkm-r.de\/?page_id=829"},"modified":"2011-09-27T13:06:17","modified_gmt":"2011-09-27T13:06:17","slug":"menschliches-horvermogen","status":"publish","type":"page","link":"http:\/\/akustische-kamera.fkm-r.de\/?page_id=829","title":{"rendered":"Menschliches H\u00f6rverm\u00f6gen (Physiologische Akustik)"},"content":{"rendered":"<p style=\"text-align: justify;\">Beim subjektiven H\u00f6rempfinden des Menschen wird grunds\u00e4tzlich in zwei Bereiche unterschieden: Der eigentliche H\u00f6rvorgang im Ohr, der mit physiologischer Akustik bezeichnet wird und die Verarbeitung der H\u00f6rvorg\u00e4nge im menschlichen Hirn zum H\u00f6reindruck, die psychologische Akustik. Zu der psychologischen Akustik geh\u00f6rt z.B. die \u00e4sthetische Beurteilung von Musikwiedergabe oder auch die Bewertung der St\u00f6rempfinden von L\u00e4rm. Unter dem Begriff physiologischer Akustik werden alle mit dem H\u00f6ren zusammenh\u00e4ngenden Probleme verstanden, die im Folgenden n\u00e4her betrachtet werden.<\/p>\n<p>&nbsp;<\/p>\n<h3>1. H\u00f6rbereich<\/h3>\n<p style=\"text-align: justify;\">Luftschallwellen sind f\u00fcr uns Menschen nur innerhalb einem bestimmten Frequenz- und Schalldruckbereich wahrnehmbar. Der h\u00f6rbare Frequenzbereich des Menschen liegt zwischen 16 Hz und 20 000 Hz. Der minimale Schalldruck, der mit dem Ohr wahrgenommen werden kann, wird H\u00f6rschwelle genannt und h\u00e4ngt stark von der Frequenz ab. Die obere Grenze des h\u00f6rbaren Bereichs ist durch die Schmerzgrenze bestimmt. Diese entspricht bei einem Luftschalldruck von 100 Pa und einer Frequenz von 1 kHz, einem Schalldruckpegel von 134 dB.<\/p>\n<div id=\"attachment_833\" style=\"width: 610px\" class=\"wp-caption aligncenter\"><a href=\"http:\/\/akustische-kamera.fkm-r.de\/wp-content\/uploads\/2011\/09\/hoer.gif\" data-rel=\"lightbox-image-0\" data-rl_title=\"\" data-rl_caption=\"\"><img aria-describedby=\"caption-attachment-833\" decoding=\"async\" loading=\"lazy\" class=\"size-full wp-image-833\" title=\"\" src=\"http:\/\/akustische-kamera.fkm-r.de\/wp-content\/uploads\/2011\/09\/hoer.gif\" alt=\"\" width=\"600\" height=\"366\" srcset=\"http:\/\/akustische-kamera.fkm-r.de\/wp-content\/uploads\/2011\/09\/hoer.gif 600w, http:\/\/akustische-kamera.fkm-r.de\/wp-content\/uploads\/2011\/09\/hoer-300x183.gif 300w\" sizes=\"(max-width: 600px) 100vw, 600px\" \/><\/a><p id=\"caption-attachment-833\" class=\"wp-caption-text\">H\u00f6rbereich des Menschen. Quelle: www.beyenbach.de\/physik.<\/p><\/div>\n<p>&nbsp;<\/p>\n<h3>2. Lautheitswahrnehmung<\/h3>\n<p style=\"text-align: justify;\">Die St\u00e4rke der subjektiven Wahrnehmung folgt in weiten Frequenz- und Pegelbereichen etwa der 0,6 Potenz des Schalldrucks und wird durch die Lautheit beschrieben, die wiederrum mit dem Lautst\u00e4rkepegel zusammenh\u00e4ngt(DIN 45631). Dies sind jedoch subjektive Schallgr\u00f6\u00dfen, und sie lassen sich nur anhand der Bewertung von mehreren Personen mit einem standardisierten Signal bestimmen. Bei diesem Referenzsignal handelt es sich um einen 1000 Hz Ton mit einem Schalldruckpegel von 40 dB, der per Definition die Lautheit von 1 Sone beschreibt. Eine doppelte Lautheitsempfindung entspricht dann 2 Sone usw.<\/p>\n<p style=\"text-align: justify;\">Mit einer Verdoppelung des Schalldrucks erh\u00f6ht sich der Schalldruckpegel um 6 dB und der Lautst\u00e4rkepegel bei 1000 Hz ebenfalls. Eine Verdoppelung der Lautheit hingegen (doppelt starke Wahrnehmung) entspricht einer Pegelzunahme von 10 dB, oberhalb eines Schalldruckpegels von 40 dB.<\/p>\n<p style=\"text-align: justify;\">Die Lautheit und den Lautst\u00e4rkepegel kann man n\u00e4herungsweise aus dem Frequenzspektrum berechnen. Dabei hat man jedoch Maskierungseffekte und den Frequenzgang des Geh\u00f6rs zu ber\u00fccksichtigen, damit auch bei breitbandigen und fluktuierenden Ger\u00e4uschen eine physiolosch richtige Angabe der Lautst\u00e4rkeempfindung m\u00f6glich ist.<\/p>\n<h3>Frequenzgang des Geh\u00f6rs<\/h3>\n<p style=\"text-align: justify;\">Die Empfindlichkeit des Menschen in Bezug auf Tonst\u00e4rken \u00fcber den Frequenzbereich ist verschieden(Frequenzgang). Am empfindlichsten ist das Ohr im Bereich zwischen 1000 Hz und 5000 Hz. In diesem Bereich werden auch noch sehr niedrige Schalldr\u00fccke wahrgenommen. Dagegen m\u00fcssen Signale mit tieferen oder h\u00f6heren Frequenzen einen deutlich gr\u00f6\u00dferen Schalldruckpegel aufweisen um die gleiche empfundene Lautst\u00e4rke zu erzeugen. Diese Abh\u00e4ngigkeit wird in den Kurven gleicher Lautst\u00e4rke dargestellt.<\/p>\n<div id=\"attachment_834\" style=\"width: 518px\" class=\"wp-caption aligncenter\"><a href=\"http:\/\/akustische-kamera.fkm-r.de\/wp-content\/uploads\/2011\/09\/27693189_2bb47fa196.jpg\" data-rel=\"lightbox-image-1\" data-rl_title=\"\" data-rl_caption=\"\"><img aria-describedby=\"caption-attachment-834\" decoding=\"async\" loading=\"lazy\" class=\"size-full wp-image-834\" title=\"\" src=\"http:\/\/akustische-kamera.fkm-r.de\/wp-content\/uploads\/2011\/09\/27693189_2bb47fa196.jpg\" alt=\"\" width=\"508\" height=\"400\" srcset=\"http:\/\/akustische-kamera.fkm-r.de\/wp-content\/uploads\/2011\/09\/27693189_2bb47fa196.jpg 508w, http:\/\/akustische-kamera.fkm-r.de\/wp-content\/uploads\/2011\/09\/27693189_2bb47fa196-300x236.jpg 300w\" sizes=\"(max-width: 508px) 100vw, 508px\" \/><\/a><p id=\"caption-attachment-834\" class=\"wp-caption-text\">Kurven gleicher Lautst\u00e4rkepegel. Quelle: www.baunetzwissen.de<\/p><\/div>\n<p style=\"text-align: justify;\">Die Kurven stellen die Mittelwerte aus H\u00f6rversuchen mit vielen Personen dar und gelten nur f\u00fcr reine Sinust\u00f6ne. Der Wert in Phon gibt an, welchen Schalldruckpegel in dB ein Sinuston mit 1 kHz besitzt, der gleich laut wie das zu bewertende Schallereignis empfunden wird. Aus den Kurven kann man also herauslesen wie gro\u00df der Schalldruckpegel jeweils sein muss, um die entsprechende Lautst\u00e4rke h\u00f6ren zu k\u00f6nnen. Betrachtet man z.B. den Lautst\u00e4rkepegel von 50 Phon bei einer Frequenz von 1 kHz, so ergibt sich ein Schalldruckpegel von 50 dB. M\u00f6chte man bei 50 Hz die gleiche Lautst\u00e4rke erzeugen, w\u00fcrde man einen Schalldruckpegel von 75 dB ben\u00f6tigen, was einer Pegelzunahme von 15 dB entsprechen w\u00fcrde.<\/p>\n<h3>3. \u00a0\u00a0 Frequenzbewertung<\/h3>\n<p style=\"text-align: justify;\">Durch die anatomische Beschaffenheit des menschlichen Geh\u00f6rs werden, wie schon beschrieben, unterschiedliche Tonh\u00f6hen bei gleichem Schalldruck unterschiedlich laut wahrgenommen. Um dies n\u00e4herungsweise nachzubilden, wurden Bewertungsfilter eingef\u00fchrt, durch welche die Ger\u00e4usche in den verschiedenen Frequenzb\u00e4ndern D\u00e4mpfungen unterzogen werden. Diese entsprechen in etwa dem Kehrwert der Kurven gleicher Lautst\u00e4rke. Das f\u00fchrte zu verschiedenen international genormten Eigenschaften, genannt A-, B-, C- und D-Bewertung. Die A-Bewertung entspricht dabei dem Verlauf der Isophonen bei niedriger Lautst\u00e4rke (20-40 Phon), die B-Bewertung bei mittlerer Lautst\u00e4rke, w\u00e4hrend die C-Bewertung hohe Lautst\u00e4rken ann\u00e4hert(80-90 Phon). Die D-Bewertung ist speziell der subjektiv empfundenen L\u00e4stigkeit angepasst. Die so bewerteten Schalldruckpegel werden in dB(A) bis dB(D) angegeben.<\/p>\n<p style=\"text-align: justify;\">In der Praxis ist heute die meistverwendete die A-Bewertung, da dieser Filter bei komplexen Ger\u00e4uschen, wie sie in der Realit\u00e4t auftreten, die beste N\u00e4herung bietet.<\/p>\n<div id=\"attachment_835\" style=\"width: 703px\" class=\"wp-caption aligncenter\"><a href=\"http:\/\/akustische-kamera.fkm-r.de\/wp-content\/uploads\/2011\/09\/Akustik_Bewertungsfilter.jpg\" data-rel=\"lightbox-image-2\" data-rl_title=\"\" data-rl_caption=\"\"><img aria-describedby=\"caption-attachment-835\" decoding=\"async\" loading=\"lazy\" class=\"size-full wp-image-835\" title=\"\" src=\"http:\/\/akustische-kamera.fkm-r.de\/wp-content\/uploads\/2011\/09\/Akustik_Bewertungsfilter.jpg\" alt=\"\" width=\"693\" height=\"466\" srcset=\"http:\/\/akustische-kamera.fkm-r.de\/wp-content\/uploads\/2011\/09\/Akustik_Bewertungsfilter.jpg 693w, http:\/\/akustische-kamera.fkm-r.de\/wp-content\/uploads\/2011\/09\/Akustik_Bewertungsfilter-300x201.jpg 300w\" sizes=\"(max-width: 693px) 100vw, 693px\" \/><\/a><p id=\"caption-attachment-835\" class=\"wp-caption-text\">Kurven der Bewertungsfilter. Quelle: www.beyerdynamic.de<\/p><\/div>\n<p>&nbsp;<\/p>\n<p>&nbsp;<\/p>\n","protected":false},"excerpt":{"rendered":"<p>Beim subjektiven H\u00f6rempfinden des Menschen wird grunds\u00e4tzlich in zwei Bereiche unterschieden: Der eigentliche H\u00f6rvorgang im Ohr, der mit physiologischer Akustik bezeichnet wird und die Verarbeitung der H\u00f6rvorg\u00e4nge im menschlichen Hirn zum H\u00f6reindruck, die psychologische Akustik. Zu der psychologischen Akustik geh\u00f6rt &hellip; <a href=\"http:\/\/akustische-kamera.fkm-r.de\/?page_id=829\">Weiterlesen <span class=\"meta-nav\">&rarr;<\/span><\/a><\/p>\n","protected":false},"author":2,"featured_media":0,"parent":124,"menu_order":2,"comment_status":"closed","ping_status":"open","template":"","meta":[],"_links":{"self":[{"href":"http:\/\/akustische-kamera.fkm-r.de\/index.php?rest_route=\/wp\/v2\/pages\/829"}],"collection":[{"href":"http:\/\/akustische-kamera.fkm-r.de\/index.php?rest_route=\/wp\/v2\/pages"}],"about":[{"href":"http:\/\/akustische-kamera.fkm-r.de\/index.php?rest_route=\/wp\/v2\/types\/page"}],"author":[{"embeddable":true,"href":"http:\/\/akustische-kamera.fkm-r.de\/index.php?rest_route=\/wp\/v2\/users\/2"}],"replies":[{"embeddable":true,"href":"http:\/\/akustische-kamera.fkm-r.de\/index.php?rest_route=%2Fwp%2Fv2%2Fcomments&post=829"}],"version-history":[{"count":9,"href":"http:\/\/akustische-kamera.fkm-r.de\/index.php?rest_route=\/wp\/v2\/pages\/829\/revisions"}],"predecessor-version":[{"id":832,"href":"http:\/\/akustische-kamera.fkm-r.de\/index.php?rest_route=\/wp\/v2\/pages\/829\/revisions\/832"}],"up":[{"embeddable":true,"href":"http:\/\/akustische-kamera.fkm-r.de\/index.php?rest_route=\/wp\/v2\/pages\/124"}],"wp:attachment":[{"href":"http:\/\/akustische-kamera.fkm-r.de\/index.php?rest_route=%2Fwp%2Fv2%2Fmedia&parent=829"}],"curies":[{"name":"wp","href":"https:\/\/api.w.org\/{rel}","templated":true}]}}