{"id":737,"date":"2011-08-29T00:53:47","date_gmt":"2011-08-29T00:53:47","guid":{"rendered":"http:\/\/akustische-kamera.fkm-r.de\/?page_id=737"},"modified":"2019-12-20T10:12:04","modified_gmt":"2019-12-20T10:12:04","slug":"klangschalen-2","status":"publish","type":"page","link":"http:\/\/akustische-kamera.fkm-r.de\/?page_id=737","title":{"rendered":"Klangschalen"},"content":{"rendered":"<h1>Messobjekt &#8211; Klangschale<\/h1>\n<p style=\"text-align: justify;\">Bei Klangschalen handelt es sich \u00fcberwiegend um metallische Schalen, die durch Anschlagen oder Anreiben mit Hilfe eines Kl\u00f6ppels bestimmte Kl\u00e4nge erzeugen. Die Bauform kann sowohl halbkugelf\u00f6rmig als auch gongartig ausgef\u00fchrt sein. Die Wandst\u00e4rke liegt i.R. zwischen 0.5 und 5mm. Das f\u00fcr eine bestimmte Schale charakteristische Klangbild ist dabei von verschiedenen Faktoren wie z.B. Abmessungen, Material oder Bauform abh\u00e4ngig. Verwendet werden diese haupts\u00e4chlich f\u00fcr Klangmassagen und in der Klangtherapie.\u00a0[1]<\/p>\n<p style=\"text-align: justify;\">In Bild 1 sind die drei hier verwendeten Klangschalen zusammen mit dem h\u00f6lzernen Kl\u00f6ppel abgebildet. Dieser ist an einem Ende mit einem Schaumstoff\u00fcberzug ausgef\u00fchrt, um ein \u201esanftes\u201c Anschlagen zu gew\u00e4hrleisten und ein Verkratzten der Oberfl\u00e4che der Schalen zu vermeiden. Die Wandst\u00e4rke misst bei allen Klangschalen je 4 mm. Die Innendurchmesser betragen in etwa 130, 113 und 100mm. Das bei allen Schalen verwendete Material ist eine Kupfer-Zink Legierung.<\/p>\n<div id=\"attachment_739\" style=\"width: 469px\" class=\"wp-caption aligncenter\"><a href=\"http:\/\/akustische-kamera.fkm-r.de\/wp-content\/uploads\/2011\/08\/klangschalen2.jpg\" data-rel=\"lightbox-image-0\" data-rl_title=\"\" data-rl_caption=\"\"><img aria-describedby=\"caption-attachment-739\" decoding=\"async\" loading=\"lazy\" class=\"size-full wp-image-739\" title=\"\" src=\"http:\/\/akustische-kamera.fkm-r.de\/wp-content\/uploads\/2011\/08\/klangschalen2.jpg\" alt=\"\" width=\"459\" height=\"193\" srcset=\"http:\/\/akustische-kamera.fkm-r.de\/wp-content\/uploads\/2011\/08\/klangschalen2.jpg 563w, http:\/\/akustische-kamera.fkm-r.de\/wp-content\/uploads\/2011\/08\/klangschalen2-300x126.jpg 300w\" sizes=\"(max-width: 459px) 100vw, 459px\" \/><\/a><p id=\"caption-attachment-739\" class=\"wp-caption-text\">Bild 1: Klangschalen mit Kl\u00f6ppel<\/p><\/div>\n<h1>Messaufbau<\/h1>\n<p style=\"text-align: justify;\">F\u00fcr die anschlie\u00dfende Untersuchung wurden die drei Klangschalen entsprechend Bild 2 in symmetrischen Abstand zueinander auf einem Messtisch positioniert. Dabei wurde jede Schale auf eine kreisringf\u00f6rmige Filzunterlage<a href=\"#_ftn1\">(1)<\/a> gestellt, um einen sicheren Stand w\u00e4hrend der Untersuchung gew\u00e4hrleisten zu k\u00f6nnen. Der Mittenabstand der einzelnen Schalen zueinander betrug dabei etwa 280 mm. Die Akustische Kamera wurde in einer Entfernung von ca. 1,20 m zu den Klangschalen angeordnet, wobei sich diese auf die Strecke von der USB- Kamera zur Mitte der mittleren Klangschale bezieht.<\/p>\n<div id=\"attachment_741\" style=\"width: 435px\" class=\"wp-caption aligncenter\"><a href=\"http:\/\/akustische-kamera.fkm-r.de\/wp-content\/uploads\/2011\/08\/Messaufbau5.jpg\" data-rel=\"lightbox-image-1\" data-rl_title=\"\" data-rl_caption=\"\"><img aria-describedby=\"caption-attachment-741\" decoding=\"async\" loading=\"lazy\" class=\"size-full wp-image-741\" title=\"\" src=\"http:\/\/akustische-kamera.fkm-r.de\/wp-content\/uploads\/2011\/08\/Messaufbau5.jpg\" alt=\"\" width=\"425\" height=\"319\" srcset=\"http:\/\/akustische-kamera.fkm-r.de\/wp-content\/uploads\/2011\/08\/Messaufbau5.jpg 550w, http:\/\/akustische-kamera.fkm-r.de\/wp-content\/uploads\/2011\/08\/Messaufbau5-300x225.jpg 300w\" sizes=\"(max-width: 425px) 100vw, 425px\" \/><\/a><p id=\"caption-attachment-741\" class=\"wp-caption-text\">Bild 2: Messaufbau<\/p><\/div>\n<h1>Messdurchf\u00fchrung<\/h1>\n<p style=\"text-align: justify;\">Zun\u00e4chst wird die Messung mittels dem Kalibriertester gestartet. Anschlie\u00dfend werden die drei Klangschalen (1 bis 3) nacheinander mit dem Kl\u00f6ppel angeschlagen bzw. impulsartig erregt. Dabei wird mit Klangschale (1) begonnen. Bild 3 zeigt diesen Vorgang.<\/p>\n<div id=\"attachment_743\" style=\"width: 423px\" class=\"wp-caption aligncenter\"><a href=\"http:\/\/akustische-kamera.fkm-r.de\/wp-content\/uploads\/2011\/08\/Messdurchf\u00fchrung.jpg\" data-rel=\"lightbox-image-2\" data-rl_title=\"\" data-rl_caption=\"\"><img aria-describedby=\"caption-attachment-743\" decoding=\"async\" loading=\"lazy\" class=\"size-full wp-image-743\" title=\"\" src=\"http:\/\/akustische-kamera.fkm-r.de\/wp-content\/uploads\/2011\/08\/Messdurchf\u00fchrung.jpg\" alt=\"\" width=\"413\" height=\"311\" srcset=\"http:\/\/akustische-kamera.fkm-r.de\/wp-content\/uploads\/2011\/08\/Messdurchf\u00fchrung.jpg 512w, http:\/\/akustische-kamera.fkm-r.de\/wp-content\/uploads\/2011\/08\/Messdurchf\u00fchrung-300x226.jpg 300w\" sizes=\"(max-width: 413px) 100vw, 413px\" \/><\/a><p id=\"caption-attachment-743\" class=\"wp-caption-text\">Bild 3: Anschlagen der Klangschalen nacheinander<\/p><\/div>\n<p><strong>Audio:<br \/>\n<\/strong><\/p>\n<!--[if lt IE 9]><script>document.createElement('audio');<\/script><![endif]-->\n<audio class=\"wp-audio-shortcode\" id=\"audio-737-1\" preload=\"none\" style=\"width: 100%;\" controls=\"controls\"><source type=\"audio\/mpeg\" src=\"http:\/\/akustische-kamera.fkm-r.de\/wp-content\/uploads\/2019\/12\/hoerbeispiel-klangschalen.mp3?_=1\" \/><a href=\"http:\/\/akustische-kamera.fkm-r.de\/wp-content\/uploads\/2019\/12\/hoerbeispiel-klangschalen.mp3\">http:\/\/akustische-kamera.fkm-r.de\/wp-content\/uploads\/2019\/12\/hoerbeispiel-klangschalen.mp3<\/a><\/audio>\n<p>Quelle:<br \/>\n[1] \u00a0\u00a0\u00a0\u00a0\u00a0 http:\/\/de.wikipedia.org\/wiki\/Klangschale (Stichtag: 19.05.2011)<\/p>\n<p>&nbsp;<\/p>\n<div>\n<hr size=\"1\" \/>\n<\/div>\n<div><a href=\"#_ftnref1\">(1)<\/a> Die Filzunterlage ist in Bild 1 nur schlecht zu erkennen.<\/div>\n","protected":false},"excerpt":{"rendered":"<p>Messobjekt &#8211; Klangschale Bei Klangschalen handelt es sich \u00fcberwiegend um metallische Schalen, die durch Anschlagen oder Anreiben mit Hilfe eines Kl\u00f6ppels bestimmte Kl\u00e4nge erzeugen. Die Bauform kann sowohl halbkugelf\u00f6rmig als auch gongartig ausgef\u00fchrt sein. Die Wandst\u00e4rke liegt i.R. zwischen 0.5 &hellip; <a href=\"http:\/\/akustische-kamera.fkm-r.de\/?page_id=737\">Weiterlesen <span class=\"meta-nav\">&rarr;<\/span><\/a><\/p>\n","protected":false},"author":2,"featured_media":0,"parent":52,"menu_order":3,"comment_status":"closed","ping_status":"closed","template":"","meta":[],"_links":{"self":[{"href":"http:\/\/akustische-kamera.fkm-r.de\/index.php?rest_route=\/wp\/v2\/pages\/737"}],"collection":[{"href":"http:\/\/akustische-kamera.fkm-r.de\/index.php?rest_route=\/wp\/v2\/pages"}],"about":[{"href":"http:\/\/akustische-kamera.fkm-r.de\/index.php?rest_route=\/wp\/v2\/types\/page"}],"author":[{"embeddable":true,"href":"http:\/\/akustische-kamera.fkm-r.de\/index.php?rest_route=\/wp\/v2\/users\/2"}],"replies":[{"embeddable":true,"href":"http:\/\/akustische-kamera.fkm-r.de\/index.php?rest_route=%2Fwp%2Fv2%2Fcomments&post=737"}],"version-history":[{"count":11,"href":"http:\/\/akustische-kamera.fkm-r.de\/index.php?rest_route=\/wp\/v2\/pages\/737\/revisions"}],"predecessor-version":[{"id":906,"href":"http:\/\/akustische-kamera.fkm-r.de\/index.php?rest_route=\/wp\/v2\/pages\/737\/revisions\/906"}],"up":[{"embeddable":true,"href":"http:\/\/akustische-kamera.fkm-r.de\/index.php?rest_route=\/wp\/v2\/pages\/52"}],"wp:attachment":[{"href":"http:\/\/akustische-kamera.fkm-r.de\/index.php?rest_route=%2Fwp%2Fv2%2Fmedia&parent=737"}],"curies":[{"name":"wp","href":"https:\/\/api.w.org\/{rel}","templated":true}]}}