{"id":73,"date":"2011-08-09T15:23:21","date_gmt":"2011-08-09T15:23:21","guid":{"rendered":"http:\/\/akustische-kamera.fkm-r.de\/?page_id=73"},"modified":"2011-09-26T10:31:33","modified_gmt":"2011-09-26T10:31:33","slug":"motorrad","status":"publish","type":"page","link":"http:\/\/akustische-kamera.fkm-r.de\/?page_id=73","title":{"rendered":"Motorrad"},"content":{"rendered":"<h2>Hintergrund der Messung<\/h2>\n<p>Als rotierende Maschine wurde der Motor einer Yamaha SR 500 ausgew\u00e4hlt. Aufgrund des einfach aufgebauten Motors und der offenen Bauweise eignet sich die SR besonders gut als Messobjekt. Hier handelt es sich um kein direktes akustisches Problem, das lokalisiert werden muss, vielmehr sollen weitere M\u00f6glichkeiten der akustischen Kamera aufgezeigt werden. Die M\u00f6glichkeiten durch die sehr hohe Aufl\u00f6sung der akustischen Kamera k\u00f6nnen mit diesem Messaufbau ausgereizt werden.<\/p>\n<p style=\"text-align: center;\">.<\/p>\n<h2>Messaufbau<\/h2>\n<p>&nbsp;<\/p>\n<div id=\"attachment_85\" style=\"width: 650px\" class=\"wp-caption aligncenter\"><a href=\"..\/wp-content\/uploads\/2011\/08\/CIMG4353.jpg\" data-rel=\"lightbox-image-0\" data-rl_title=\"\" data-rl_caption=\"\"><img aria-describedby=\"caption-attachment-85\" decoding=\"async\" loading=\"lazy\" class=\"size-large wp-image-85\" title=\"\" src=\"..\/wp-content\/uploads\/2011\/08\/CIMG4353-1024x768.jpg\" alt=\"\" width=\"640\" height=\"480\" srcset=\"http:\/\/akustische-kamera.fkm-r.de\/wp-content\/uploads\/2011\/08\/CIMG4353-1024x768.jpg 1024w, http:\/\/akustische-kamera.fkm-r.de\/wp-content\/uploads\/2011\/08\/CIMG4353-300x225.jpg 300w\" sizes=\"(max-width: 640px) 100vw, 640px\" \/><\/a><p id=\"caption-attachment-85\" class=\"wp-caption-text\">SR 500 im Akustikraum der Hochschule Regensburg<\/p><\/div>\n<p>Bei dem Motorrad handelt es sich um eine Yamaha SR 500 Baujahr 1986 Typ 48T. Dieses Motorrad wurde von 1978 bis 1999 beinahe unver\u00e4ndert gebaut. Der Motor der SR basiert auf dem der XT 500, einem luftgek\u00fchlter 1-Zylinder-4Takt-OHC Motor mit 499 cm\u00b3 Hubraum. Durch ihre Auslegung als Kurzhuber liegt die maximale Leistung von 25 KW erst bei Drehzahlen von etwa 6200\/min an, das maximale Drehmoment bei ca. 3500\/min. Besonderes Merkmal dieser Konstruktion ist der Verzicht auf elektronische Bauteile. Das Motorrad wurde ausschlie\u00dflich mit Kickstarter ausgeliefert. Dieser einfache und \u00fcberschaubare Aufbau sollte die Beurteilung der akustischen Messungen erleichtern.<\/p>\n<p style=\"text-align: center;\">.<\/p>\n<p>&nbsp;<\/p>\n","protected":false},"excerpt":{"rendered":"<p>Hintergrund der Messung Als rotierende Maschine wurde der Motor einer Yamaha SR 500 ausgew\u00e4hlt. Aufgrund des einfach aufgebauten Motors und der offenen Bauweise eignet sich die SR besonders gut als Messobjekt. Hier handelt es sich um kein direktes akustisches Problem, &hellip; <a href=\"http:\/\/akustische-kamera.fkm-r.de\/?page_id=73\">Weiterlesen <span class=\"meta-nav\">&rarr;<\/span><\/a><\/p>\n","protected":false},"author":2,"featured_media":0,"parent":52,"menu_order":2,"comment_status":"closed","ping_status":"open","template":"","meta":[],"_links":{"self":[{"href":"http:\/\/akustische-kamera.fkm-r.de\/index.php?rest_route=\/wp\/v2\/pages\/73"}],"collection":[{"href":"http:\/\/akustische-kamera.fkm-r.de\/index.php?rest_route=\/wp\/v2\/pages"}],"about":[{"href":"http:\/\/akustische-kamera.fkm-r.de\/index.php?rest_route=\/wp\/v2\/types\/page"}],"author":[{"embeddable":true,"href":"http:\/\/akustische-kamera.fkm-r.de\/index.php?rest_route=\/wp\/v2\/users\/2"}],"replies":[{"embeddable":true,"href":"http:\/\/akustische-kamera.fkm-r.de\/index.php?rest_route=%2Fwp%2Fv2%2Fcomments&post=73"}],"version-history":[{"count":20,"href":"http:\/\/akustische-kamera.fkm-r.de\/index.php?rest_route=\/wp\/v2\/pages\/73\/revisions"}],"predecessor-version":[{"id":924,"href":"http:\/\/akustische-kamera.fkm-r.de\/index.php?rest_route=\/wp\/v2\/pages\/73\/revisions\/924"}],"up":[{"embeddable":true,"href":"http:\/\/akustische-kamera.fkm-r.de\/index.php?rest_route=\/wp\/v2\/pages\/52"}],"wp:attachment":[{"href":"http:\/\/akustische-kamera.fkm-r.de\/index.php?rest_route=%2Fwp%2Fv2%2Fmedia&parent=73"}],"curies":[{"name":"wp","href":"https:\/\/api.w.org\/{rel}","templated":true}]}}