{"id":632,"date":"2011-08-27T13:21:38","date_gmt":"2011-08-27T13:21:38","guid":{"rendered":"http:\/\/akustische-kamera.fkm-r.de\/?page_id=632"},"modified":"2011-08-27T22:50:51","modified_gmt":"2011-08-27T22:50:51","slug":"vergleich-der-spektrogramme","status":"publish","type":"page","link":"http:\/\/akustische-kamera.fkm-r.de\/?page_id=632","title":{"rendered":"Vergleich der Spektrogramme"},"content":{"rendered":"<p style=\"text-align: justify;\">Nachfolgend sind in Bild 1 und Bild 2 die einzelnen Spektrogramme der Messungen mit defektem und neuem Rillenkugellager aufgezeigt. Der verwendete Frequenzbereich erstreckt sich bis 5000 Hz. Au\u00dferdem wurde eine lineare Darstellung der Schalldr\u00fccke gew\u00e4hlt, welche stark tief- bzw. hochfrequente Emissionen besonders gut darstellen kann.<\/p>\n<div id=\"attachment_635\" style=\"width: 731px\" class=\"wp-caption aligncenter\"><a href=\"http:\/\/akustische-kamera.fkm-r.de\/wp-content\/uploads\/2011\/08\/Spektrogramm-des-defekten-Rillenkugellagers.bmp\" data-rel=\"lightbox-image-0\" data-rl_title=\"\" data-rl_caption=\"\"><img aria-describedby=\"caption-attachment-635\" decoding=\"async\" loading=\"lazy\" class=\"size-full wp-image-635 \" title=\"\" src=\"http:\/\/akustische-kamera.fkm-r.de\/wp-content\/uploads\/2011\/08\/Spektrogramm-des-defekten-Rillenkugellagers.bmp\" alt=\"\" width=\"721\" height=\"422\" \/><\/a><p id=\"caption-attachment-635\" class=\"wp-caption-text\">Bild 1: Spektrogramm bei 1400 1\/min mit defektem Rillenkugellager<\/p><\/div>\n<div id=\"attachment_637\" style=\"width: 731px\" class=\"wp-caption aligncenter\"><a href=\"http:\/\/akustische-kamera.fkm-r.de\/wp-content\/uploads\/2011\/08\/Spektrogramm-des-neuen-Rillenkugellagers.bmp\" data-rel=\"lightbox-image-1\" data-rl_title=\"\" data-rl_caption=\"\"><img aria-describedby=\"caption-attachment-637\" decoding=\"async\" loading=\"lazy\" class=\"size-full wp-image-637 \" title=\"\" src=\"http:\/\/akustische-kamera.fkm-r.de\/wp-content\/uploads\/2011\/08\/Spektrogramm-des-neuen-Rillenkugellagers.bmp\" alt=\"\" width=\"721\" height=\"424\" \/><\/a><p id=\"caption-attachment-637\" class=\"wp-caption-text\">Bild 2: Spektrogramm bei 1400 1\/min mit neuem Rillenkugellager<\/p><\/div>\n<p style=\"text-align: justify;\">Aus dem Spektrogramm bzgl. der Messung mit defektem Rillenkugellager kann entnommen werden, dass ger\u00e4uschdominierenden Frequenzen relativ &#8222;tieffrequent&#8220; auftreten. Diese sind haupts\u00e4chlich im Bereich um 500 Hz anzutreffen. Im Spektrogramm der Messung mit neuem Rillenkugellager treten die ger\u00e4uschdominierende Frequenzen dagegen in mehreren Bereichen auf: So beispielsweise bei ca. 850, 1650 und 2000 Hz. Es kann also eine durch den Austausch des defekten Rillenkugellagers bedingte Verschiebung zu h\u00f6heren Frequenzen festgestellt werden. Ebenso verringern sich die maximal auftretenden Schalldr\u00fccke<strong>(1)<\/strong>.<\/p>\n<p>&nbsp;<\/p>\n<p style=\"text-align: justify;\"><strong>(1)<\/strong> Um Fehlinterpretationen beim Vergleich der jeweiligen Spektrogramme hinsichtlich der Schalldr\u00fccke zu vermeiden, sollte beachtet werden, dass die farblich kartierten Schalldr\u00fccke <strong>nicht<\/strong> gleich skaliert sind. So betr\u00e4gt beispielsweise der in der Farbe Rosa angegebene max. Schalldruck in Bild 1\u00a0 905,09 mPa, in Bild 2 betr\u00e4gt aber dieser nur 223,12 mPa. Eine Anpassung der Skalierung der Schalldr\u00fccke ist mit der hier verwendeten Software nicht ohne weiteres m\u00f6glich.<\/p>\n<p style=\"text-align: center;\">&nbsp;<\/p>\n","protected":false},"excerpt":{"rendered":"<p>Nachfolgend sind in Bild 1 und Bild 2 die einzelnen Spektrogramme der Messungen mit defektem und neuem Rillenkugellager aufgezeigt. Der verwendete Frequenzbereich erstreckt sich bis 5000 Hz. Au\u00dferdem wurde eine lineare Darstellung der Schalldr\u00fccke gew\u00e4hlt, welche stark tief- bzw. hochfrequente &hellip; <a href=\"http:\/\/akustische-kamera.fkm-r.de\/?page_id=632\">Weiterlesen <span class=\"meta-nav\">&rarr;<\/span><\/a><\/p>\n","protected":false},"author":2,"featured_media":0,"parent":619,"menu_order":2,"comment_status":"closed","ping_status":"closed","template":"","meta":[],"_links":{"self":[{"href":"http:\/\/akustische-kamera.fkm-r.de\/index.php?rest_route=\/wp\/v2\/pages\/632"}],"collection":[{"href":"http:\/\/akustische-kamera.fkm-r.de\/index.php?rest_route=\/wp\/v2\/pages"}],"about":[{"href":"http:\/\/akustische-kamera.fkm-r.de\/index.php?rest_route=\/wp\/v2\/types\/page"}],"author":[{"embeddable":true,"href":"http:\/\/akustische-kamera.fkm-r.de\/index.php?rest_route=\/wp\/v2\/users\/2"}],"replies":[{"embeddable":true,"href":"http:\/\/akustische-kamera.fkm-r.de\/index.php?rest_route=%2Fwp%2Fv2%2Fcomments&post=632"}],"version-history":[{"count":11,"href":"http:\/\/akustische-kamera.fkm-r.de\/index.php?rest_route=\/wp\/v2\/pages\/632\/revisions"}],"predecessor-version":[{"id":663,"href":"http:\/\/akustische-kamera.fkm-r.de\/index.php?rest_route=\/wp\/v2\/pages\/632\/revisions\/663"}],"up":[{"embeddable":true,"href":"http:\/\/akustische-kamera.fkm-r.de\/index.php?rest_route=\/wp\/v2\/pages\/619"}],"wp:attachment":[{"href":"http:\/\/akustische-kamera.fkm-r.de\/index.php?rest_route=%2Fwp%2Fv2%2Fmedia&parent=632"}],"curies":[{"name":"wp","href":"https:\/\/api.w.org\/{rel}","templated":true}]}}