{"id":596,"date":"2011-08-26T22:47:42","date_gmt":"2011-08-26T22:47:42","guid":{"rendered":"http:\/\/akustische-kamera.fkm-r.de\/?page_id=596"},"modified":"2011-09-02T15:55:09","modified_gmt":"2011-09-02T15:55:09","slug":"einzelbetrachtung-des-spektrogramms-mit-neuem-rillenkugellager","status":"publish","type":"page","link":"http:\/\/akustische-kamera.fkm-r.de\/?page_id=596","title":{"rendered":"Einzelbetrachtung des Spektrogramms mit neuem Rillenkugellager"},"content":{"rendered":"<p style=\"text-align: justify;\">Eine f\u00fcr Hochlaufvorg\u00e4nge charakteristische Eigenschaft kann erst mit Hilfe eines vergr\u00f6\u00dferten Ausschnitts vom Spektrogramm des neuen Rillenkugellagers in Bild 1 erahnt werden. Darin treten w\u00e4hrend des Hochlaufs schwach angedeutete, schr\u00e4g mit der Messzeit ansteigende Frequenzb\u00e4nder auf. Diese werden dabei von der Drehzahlerh\u00f6hung im Hochlauf verursacht. Neben den schr\u00e4g ansteigenden Frequenzb\u00e4ndern k\u00f6nnen auch \u2013 zumindest leicht angedeutet \u2013 horizontal verlaufende Frequenzb\u00e4nder erkannt werden. Letztere sind auf die Eigenfrequenzen der Waschmaschine zur\u00fcckzuf\u00fchren. Diese horizontalen Frequenzb\u00e4nder werden dabei von den schr\u00e4g ansteigenden Frequenzb\u00e4ndern in mehreren Punkten geschnitten. So beispielsweise in den Bereichen um ca. 840, 1320 und 1640 Hz (vgl. Markierungen in Bild 1). Dabei kommt es in den einzelnen Schnittpunkten zu Resonanzerscheinungen, die sich in einem erh\u00f6hten Schalldruck \u00e4u\u00dfern\u00a0[1].<\/p>\n<div id=\"attachment_597\" style=\"width: 638px\" class=\"wp-caption aligncenter\"><a href=\"http:\/\/akustische-kamera.fkm-r.de\/wp-content\/uploads\/2011\/08\/Einzelbetrachtung-des-Spektrogramms.bmp\" data-rel=\"lightbox-image-0\" data-rl_title=\"\" data-rl_caption=\"\"><img aria-describedby=\"caption-attachment-597\" decoding=\"async\" loading=\"lazy\" class=\"size-full wp-image-597 \" title=\"\" src=\"http:\/\/akustische-kamera.fkm-r.de\/wp-content\/uploads\/2011\/08\/Einzelbetrachtung-des-Spektrogramms.bmp\" alt=\"\" width=\"628\" height=\"298\" \/><\/a><p id=\"caption-attachment-597\" class=\"wp-caption-text\">Bild 1: vergr\u00f6\u00dfertes Spektrogramm bzgl. neuem Rillenkugellager <\/p><\/div>\n<p style=\"text-align: justify;\">Um die drei in Bild 1 exemplarisch ausgew\u00e4hlten Resonanzbereiche in der Waschmaschine lokalisieren zu k\u00f6nnen, werden aus den darin markierten Bereichen (a bis c) akustische Fotos erstellt. Diese sind nachfolgend in Bild 2 aufgezeigt.<\/p>\n<div id=\"attachment_601\" style=\"width: 578px\" class=\"wp-caption aligncenter\"><a href=\"http:\/\/akustische-kamera.fkm-r.de\/wp-content\/uploads\/2011\/08\/Resonanzbereiche.bmp\" data-rel=\"lightbox-image-1\" data-rl_title=\"\" data-rl_caption=\"\"><img aria-describedby=\"caption-attachment-601\" decoding=\"async\" loading=\"lazy\" class=\"size-full wp-image-601 \" title=\"\" src=\"http:\/\/akustische-kamera.fkm-r.de\/wp-content\/uploads\/2011\/08\/Resonanzbereiche.bmp\" alt=\"\" width=\"568\" height=\"453\" \/><\/a><p id=\"caption-attachment-601\" class=\"wp-caption-text\">Bild 2: akustische Fotos aus den markierten Resonanzbereichen im Hochlauf<\/p><\/div>\n<p style=\"text-align: justify;\">Mit Hilfe der erstellten akustischen Fotos kann festgestellt werden, dass der Resonanzbereich (a) etwas oberhalb der Riemenscheibe anzutreffen ist. Der Resonanzbereich (b) dagegen befindet sich auf der rechten Seite des Trommelgeh\u00e4uses und der Resonanzbereich (c) ungef\u00e4hr in der Mitte des Lagerkreuzes.<\/p>\n<p style=\"text-align: justify;\">\n<p style=\"text-align: justify;\">\n<p>Quelle:<\/p>\n<p>[1]\u00a0\u00a0\u00a0\u00a0 Dr.-Ing. Thomas Th\u00fcmmel, Dr.-Ing. Sebastian Bauer: Messung und Interpretation von Wasserfalldiagrammen f\u00fcr nichtlineare Antriebssysteme,\u00a0VDI M\u00fcnchen ,1998<\/p>\n","protected":false},"excerpt":{"rendered":"<p>Eine f\u00fcr Hochlaufvorg\u00e4nge charakteristische Eigenschaft kann erst mit Hilfe eines vergr\u00f6\u00dferten Ausschnitts vom Spektrogramm des neuen Rillenkugellagers in Bild 1 erahnt werden. Darin treten w\u00e4hrend des Hochlaufs schwach angedeutete, schr\u00e4g mit der Messzeit ansteigende Frequenzb\u00e4nder auf. Diese werden dabei von &hellip; <a href=\"http:\/\/akustische-kamera.fkm-r.de\/?page_id=596\">Weiterlesen <span class=\"meta-nav\">&rarr;<\/span><\/a><\/p>\n","protected":false},"author":2,"featured_media":0,"parent":568,"menu_order":3,"comment_status":"closed","ping_status":"closed","template":"","meta":[],"_links":{"self":[{"href":"http:\/\/akustische-kamera.fkm-r.de\/index.php?rest_route=\/wp\/v2\/pages\/596"}],"collection":[{"href":"http:\/\/akustische-kamera.fkm-r.de\/index.php?rest_route=\/wp\/v2\/pages"}],"about":[{"href":"http:\/\/akustische-kamera.fkm-r.de\/index.php?rest_route=\/wp\/v2\/types\/page"}],"author":[{"embeddable":true,"href":"http:\/\/akustische-kamera.fkm-r.de\/index.php?rest_route=\/wp\/v2\/users\/2"}],"replies":[{"embeddable":true,"href":"http:\/\/akustische-kamera.fkm-r.de\/index.php?rest_route=%2Fwp%2Fv2%2Fcomments&post=596"}],"version-history":[{"count":8,"href":"http:\/\/akustische-kamera.fkm-r.de\/index.php?rest_route=\/wp\/v2\/pages\/596\/revisions"}],"predecessor-version":[{"id":599,"href":"http:\/\/akustische-kamera.fkm-r.de\/index.php?rest_route=\/wp\/v2\/pages\/596\/revisions\/599"}],"up":[{"embeddable":true,"href":"http:\/\/akustische-kamera.fkm-r.de\/index.php?rest_route=\/wp\/v2\/pages\/568"}],"wp:attachment":[{"href":"http:\/\/akustische-kamera.fkm-r.de\/index.php?rest_route=%2Fwp%2Fv2%2Fmedia&parent=596"}],"curies":[{"name":"wp","href":"https:\/\/api.w.org\/{rel}","templated":true}]}}