{"id":584,"date":"2011-08-26T19:42:41","date_gmt":"2011-08-26T19:42:41","guid":{"rendered":"http:\/\/akustische-kamera.fkm-r.de\/?page_id=584"},"modified":"2011-09-02T15:50:00","modified_gmt":"2011-09-02T15:50:00","slug":"vergleich-der-spektrogramme","status":"publish","type":"page","link":"http:\/\/akustische-kamera.fkm-r.de\/?page_id=584","title":{"rendered":"Vergleich der Spektrogramme"},"content":{"rendered":"<p style=\"text-align: justify;\">Nachfolgend sind in Bild 1 und Bild 2 die einzelnen Spektrogramme der Messungen mit defektem und neuem Rillenkugellager aufgezeigt. Der verwendete Frequenzbereich erstreckt sich in beiden bis 4000 Hz.<\/p>\n<div id=\"attachment_591\" style=\"width: 675px\" class=\"wp-caption aligncenter\"><a href=\"http:\/\/akustische-kamera.fkm-r.de\/wp-content\/uploads\/2011\/08\/Spektrogramm-des-Hochlaufs-mit-defektem-Rillenkugellager.bmp\" data-rel=\"lightbox-image-0\" data-rl_title=\"\" data-rl_caption=\"\"><img aria-describedby=\"caption-attachment-591\" decoding=\"async\" loading=\"lazy\" class=\"size-full wp-image-591 \" title=\"\" src=\"http:\/\/akustische-kamera.fkm-r.de\/wp-content\/uploads\/2011\/08\/Spektrogramm-des-Hochlaufs-mit-defektem-Rillenkugellager.bmp\" alt=\"\" width=\"665\" height=\"352\" \/><\/a><p id=\"caption-attachment-591\" class=\"wp-caption-text\">Bild 1: Spektrogramm des Hochlaufs mit defektem Rillenkugellager<\/p><\/div>\n<div id=\"attachment_592\" style=\"width: 676px\" class=\"wp-caption aligncenter\"><a href=\"http:\/\/akustische-kamera.fkm-r.de\/wp-content\/uploads\/2011\/08\/Spektrogramm-des-Hochlaufs-mit-neuem-Rillenkugellager.bmp\" data-rel=\"lightbox-image-1\" data-rl_title=\"\" data-rl_caption=\"\"><img aria-describedby=\"caption-attachment-592\" decoding=\"async\" loading=\"lazy\" class=\"size-full wp-image-592\" title=\"\" src=\"http:\/\/akustische-kamera.fkm-r.de\/wp-content\/uploads\/2011\/08\/Spektrogramm-des-Hochlaufs-mit-neuem-Rillenkugellager.bmp\" alt=\"\" width=\"666\" height=\"333\" \/><\/a><p id=\"caption-attachment-592\" class=\"wp-caption-text\">Bild 2: Spektrogramm des Hochlaufs mit neuem Rillenkugellager<\/p><\/div>\n<p style=\"text-align: justify;\">Vergleicht<strong>(1)<\/strong> man beide Spektrogramme hinsichtlich des Auftretens der ger\u00e4uschdominierenden bzw. max. Schalldr\u00fccke, so stellt man fest, dass diese jeweils in unterschiedlichen Frequenzbereichen auftreten. Beim defekten Rillenkugellager treten diese haupts\u00e4chlich in zwei Bereichen auf. Zum einen bei Frequenzen um 500 Hz und zum anderen zwischen ca. 1000 und 1500 Hz. Nach dem Einbau des neuen Rillenkugellagers verschieben sich die max. Schalldr\u00fccke dagegen teilweise zu h\u00f6heren Frequenzen hin, wobei diese keinen bestimmten Frequenzbereichen mehr eindeutig zugeordnet werden k\u00f6nnen. Sie treten nur noch vereinzelt in einem breiten Spektrum zwischen ungef\u00e4hr 700 und 3000 Hz auf. Der zuvor noch ger\u00e4uschdominierende Frequenzbereich um 500 Hz verschwindet im Spektrogramm des neuen Rillenkugellagers fast vollst\u00e4ndig. Daraus kann geschlossen werden, dass dieser Frequenzbereich eindeutig vom besch\u00e4digten Rillenkugellager hervorgerufen wurde.<\/p>\n<p style=\"text-align: justify;\">\n<p style=\"text-align: justify;\">\n<p style=\"text-align: justify;\"><strong>(1)<\/strong> Um Fehlinterpretationen beim Vergleich der jeweiligen Spektrogramme hinsichtlich der Schalldr\u00fccke zu vermeiden, sollte beachtet werden, dass die farblich kartierten Schalldr\u00fccke <strong>nicht<\/strong> gleich skaliert sind. So betr\u00e4gt beispielsweise der in der Farbe Rosa angegebene max. Schalldruck in Bild 1\u00a0 506,68 mPa, in Bild 2 betr\u00e4gt aber dieser nur 238,02 mPa. Eine Anpassung der Skalierung der Schalldr\u00fccke ist mit der hier verwendeten Software nicht ohne weiteres m\u00f6glich.<\/p>\n<p>&nbsp;<\/p>\n<p style=\"text-align: center;\">\n","protected":false},"excerpt":{"rendered":"<p>Nachfolgend sind in Bild 1 und Bild 2 die einzelnen Spektrogramme der Messungen mit defektem und neuem Rillenkugellager aufgezeigt. Der verwendete Frequenzbereich erstreckt sich in beiden bis 4000 Hz. Vergleicht(1) man beide Spektrogramme hinsichtlich des Auftretens der ger\u00e4uschdominierenden bzw. max. &hellip; <a href=\"http:\/\/akustische-kamera.fkm-r.de\/?page_id=584\">Weiterlesen <span class=\"meta-nav\">&rarr;<\/span><\/a><\/p>\n","protected":false},"author":2,"featured_media":0,"parent":568,"menu_order":2,"comment_status":"closed","ping_status":"closed","template":"","meta":[],"_links":{"self":[{"href":"http:\/\/akustische-kamera.fkm-r.de\/index.php?rest_route=\/wp\/v2\/pages\/584"}],"collection":[{"href":"http:\/\/akustische-kamera.fkm-r.de\/index.php?rest_route=\/wp\/v2\/pages"}],"about":[{"href":"http:\/\/akustische-kamera.fkm-r.de\/index.php?rest_route=\/wp\/v2\/types\/page"}],"author":[{"embeddable":true,"href":"http:\/\/akustische-kamera.fkm-r.de\/index.php?rest_route=\/wp\/v2\/users\/2"}],"replies":[{"embeddable":true,"href":"http:\/\/akustische-kamera.fkm-r.de\/index.php?rest_route=%2Fwp%2Fv2%2Fcomments&post=584"}],"version-history":[{"count":10,"href":"http:\/\/akustische-kamera.fkm-r.de\/index.php?rest_route=\/wp\/v2\/pages\/584\/revisions"}],"predecessor-version":[{"id":796,"href":"http:\/\/akustische-kamera.fkm-r.de\/index.php?rest_route=\/wp\/v2\/pages\/584\/revisions\/796"}],"up":[{"embeddable":true,"href":"http:\/\/akustische-kamera.fkm-r.de\/index.php?rest_route=\/wp\/v2\/pages\/568"}],"wp:attachment":[{"href":"http:\/\/akustische-kamera.fkm-r.de\/index.php?rest_route=%2Fwp%2Fv2%2Fmedia&parent=584"}],"curies":[{"name":"wp","href":"https:\/\/api.w.org\/{rel}","templated":true}]}}