{"id":554,"date":"2011-08-26T12:42:16","date_gmt":"2011-08-26T12:42:16","guid":{"rendered":"http:\/\/akustische-kamera.fkm-r.de\/?page_id=554"},"modified":"2019-12-20T15:55:20","modified_gmt":"2019-12-20T15:55:20","slug":"waschmaschine","status":"publish","type":"page","link":"http:\/\/akustische-kamera.fkm-r.de\/?page_id=554","title":{"rendered":"Waschmaschine"},"content":{"rendered":"<h1>Messobjekt &#8211; Waschmaschine<\/h1>\n<p style=\"text-align: justify;\">Bei der nachfolgend zu untersuchenden Waschmaschine<strong><a href=\"#_ftn1\">(1)<\/a><\/strong> handelt es sich um einen sog. Frontlader, welcher eine max. Drehzahl von 1400 1\/min erreichen kann. Je nach dem auf welches Programm die Maschine gerade eingestellt ist, sind auch die Drehzahlen 600 und 800 1\/min m\u00f6glich. In Bild 1 ist die R\u00fcckansicht der Waschmaschine ohne R\u00fcckwand aufgezeigt, wobei einzelne Bauteile benannt sind.<\/p>\n<div id=\"attachment_558\" style=\"width: 551px\" class=\"wp-caption aligncenter\"><a href=\"http:\/\/akustische-kamera.fkm-r.de\/wp-content\/uploads\/2011\/08\/Waschmaschine.bmp\" data-rel=\"lightbox-image-0\" data-rl_title=\"\" data-rl_caption=\"\"><img aria-describedby=\"caption-attachment-558\" decoding=\"async\" loading=\"lazy\" class=\"size-full wp-image-558\" title=\"\" src=\"http:\/\/akustische-kamera.fkm-r.de\/wp-content\/uploads\/2011\/08\/Waschmaschine.bmp\" alt=\"\" width=\"541\" height=\"402\" \/><\/a><p id=\"caption-attachment-558\" class=\"wp-caption-text\">Bild 1: Waschmaschine ohne R\u00fcckwand<\/p><\/div>\n<p style=\"text-align: justify;\">Angetrieben wird die hinter dem Trommelgeh\u00e4use verbaute Schleudertrommel \u00fcber die Motorwelle des Elektromotors, der \u00fcber einen Keilrippenriemen eine Riemenscheibe antreibt. Dadurch wird die Schleudertrommel in Rotation versetzt. Die Schleudertrommel ist \u00fcber Rillenkugellager drehbar im Trommelgeh\u00e4use gelagert. Zur D\u00e4mpfung der Rotation sind Sto\u00dfd\u00e4mpfer angebracht. Das feststehende Lagerkreuz fixiert die \u00e4u\u00dfere Lagerschale des Rillenkugellagers. Eine Besonderheit der hier verwendeten Waschmaschine ist, dass eines der verbauten Rillenkugellager<strong><a href=\"#_ftn1\">(2)<\/a><\/strong> defekt ist und die darin befindlichen W\u00e4lzk\u00f6rper nicht mehr einwandfrei abrollen bzw. abw\u00e4lzen. Dieser Defekt \u00e4u\u00dfert sich beim Betrieb in einem \u201eKnattern\u201c. Nachfolgend sind zwei Videos aufgef\u00fchrt, die diesen Defekt zum Ausdruck bringen sollen. Das eine Video zeigt den Betrieb mit besch\u00e4digtem Rillenkugellager, und das andere Video vergleichend den Betrieb mit neuem Rillenkugellager.<\/p>\n<p style=\"text-align: left;\">Betrieb mit defektem Rillenkugellager:<\/p>\n<div id=\"jwplayer-center\">\n<div style=\"width: 480px;\" class=\"wp-video\"><!--[if lt IE 9]><script>document.createElement('video');<\/script><![endif]-->\n<video class=\"wp-video-shortcode\" id=\"video-554-1\" width=\"480\" height=\"360\" preload=\"metadata\" controls=\"controls\"><source type=\"video\/mp4\" src=\"http:\/\/akustische-kamera.fkm-r.de\/wp-content\/uploads\/2019\/12\/waschmaschine-mit-defektem-rillenkugellager.mp4?_=1\" \/><a href=\"http:\/\/akustische-kamera.fkm-r.de\/wp-content\/uploads\/2019\/12\/waschmaschine-mit-defektem-rillenkugellager.mp4\">http:\/\/akustische-kamera.fkm-r.de\/wp-content\/uploads\/2019\/12\/waschmaschine-mit-defektem-rillenkugellager.mp4<\/a><\/video><\/div>\n<\/div>\n<p style=\"text-align: left;\">Betrieb mit neuem Rillenkugellager:<\/p>\n<div id=\"jwplayer-center\">\n<div style=\"width: 480px;\" class=\"wp-video\"><video class=\"wp-video-shortcode\" id=\"video-554-2\" width=\"480\" height=\"360\" preload=\"metadata\" controls=\"controls\"><source type=\"video\/mp4\" src=\"http:\/\/akustische-kamera.fkm-r.de\/wp-content\/uploads\/2019\/12\/waschmaschine-mit-neuem-rillenkugellager.mp4?_=2\" \/><a href=\"http:\/\/akustische-kamera.fkm-r.de\/wp-content\/uploads\/2019\/12\/waschmaschine-mit-neuem-rillenkugellager.mp4\">http:\/\/akustische-kamera.fkm-r.de\/wp-content\/uploads\/2019\/12\/waschmaschine-mit-neuem-rillenkugellager.mp4<\/a><\/video><\/div>\n<\/div>\n<p style=\"text-align: justify;\">Weiterhin deuten Korrosionserscheinungen am Trommelgeh\u00e4use auf eine undichte Stelle zwischen Trommel und Trommelgeh\u00e4use hin, an der es vermutlich zu Wasseraustritt gekommen ist, was wom\u00f6glich den Defekt des Lagers mitbeeinflusst hat.<\/p>\n<h1 style=\"text-align: justify;\">Messaufbau<\/h1>\n<p style=\"text-align: justify;\">Die Waschmaschine wurde f\u00fcr die Messung mittels der Akustischen Kamera ohne R\u00fcckwand wie Bild 2 ersichtlich positioniert. Der Abstand von der USB-Kamera in der Mitte des Mikrofonarrays zur Riemenscheibe betrug etwa 1,20 m. Zuvor wurde die Akustische Kamera etwa um 30\u00b0 nach vorne geschwenkt. Dabei ergab sich ein vertikaler Abstand vom Fu\u00dfboden zur Mitte des Mikrofonarrays von ca. 1,05 m.<\/p>\n<div id=\"attachment_564\" style=\"width: 370px\" class=\"wp-caption aligncenter\"><a href=\"http:\/\/akustische-kamera.fkm-r.de\/wp-content\/uploads\/2011\/08\/Messaufbau1.bmp\" data-rel=\"lightbox-image-1\" data-rl_title=\"\" data-rl_caption=\"\"><img aria-describedby=\"caption-attachment-564\" decoding=\"async\" loading=\"lazy\" class=\"size-full wp-image-564 \" title=\"\" src=\"http:\/\/akustische-kamera.fkm-r.de\/wp-content\/uploads\/2011\/08\/Messaufbau1.bmp\" alt=\"\" width=\"360\" height=\"301\" \/><\/a><p id=\"caption-attachment-564\" class=\"wp-caption-text\">Bild 2: Messaufbau<\/p><\/div>\n<h1>Messdurchf\u00fchrung<\/h1>\n<p style=\"text-align: justify;\">Im ersten Schritt wurde die Waschmaschine mit dem defekten Rillenkugellager untersucht. Dazu wurde je eine Messung im Hochlauf auf 1400 1\/min und eine Messung im station\u00e4ren Betrieb bei 1400 1\/min durchgef\u00fchrt. Im zweiten Schritt ist das defekte Rillenkugellager ausgebaut und durch ein neues ersetzt worden. Anschlie\u00dfend wurden beide Messungen unter sonst gleichen Bedingungen wiederholt.<\/p>\n<p style=\"text-align: justify;\">Nachfolgend aufgef\u00fchrt sind die vier Audiodateien, die aus den jeweils durchgef\u00fchrten Messungen generiert wurden:<\/p>\n<p style=\"text-align: justify;\">Hochlauf mit defektem Rillenkugellager<\/p>\n<!--[if lt IE 9]><script>document.createElement('audio');<\/script><![endif]-->\n<audio class=\"wp-audio-shortcode\" id=\"audio-554-1\" preload=\"none\" style=\"width: 100%;\" controls=\"controls\"><source type=\"audio\/mpeg\" src=\"http:\/\/akustische-kamera.fkm-r.de\/wp-content\/uploads\/2019\/12\/Hochlauf-mit-defektem-Rillenkugellager.mp3?_=1\" \/><a href=\"http:\/\/akustische-kamera.fkm-r.de\/wp-content\/uploads\/2019\/12\/Hochlauf-mit-defektem-Rillenkugellager.mp3\">http:\/\/akustische-kamera.fkm-r.de\/wp-content\/uploads\/2019\/12\/Hochlauf-mit-defektem-Rillenkugellager.mp3<\/a><\/audio>\n<p><span style=\"color: #ffffff;\">.<\/span><\/p>\n<p style=\"text-align: justify;\">Hochlauf mit neuem Rillenkugellager<\/p>\n<audio class=\"wp-audio-shortcode\" id=\"audio-554-2\" preload=\"none\" style=\"width: 100%;\" controls=\"controls\"><source type=\"audio\/mpeg\" src=\"http:\/\/akustische-kamera.fkm-r.de\/wp-content\/uploads\/2019\/12\/Hochlauf-mit-neuem-Rillenkugellager.mp3?_=2\" \/><a href=\"http:\/\/akustische-kamera.fkm-r.de\/wp-content\/uploads\/2019\/12\/Hochlauf-mit-neuem-Rillenkugellager.mp3\">http:\/\/akustische-kamera.fkm-r.de\/wp-content\/uploads\/2019\/12\/Hochlauf-mit-neuem-Rillenkugellager.mp3<\/a><\/audio>\n<p><span style=\"color: #ffffff;\">.<\/span><\/p>\n<p>Station\u00e4rer Betrieb mit defektem Rillenkugellager<\/p>\n<audio class=\"wp-audio-shortcode\" id=\"audio-554-3\" preload=\"none\" style=\"width: 100%;\" controls=\"controls\"><source type=\"audio\/mpeg\" src=\"http:\/\/akustische-kamera.fkm-r.de\/wp-content\/uploads\/2019\/12\/Stationaerer-Betrieb-mit-defektem-Rillenkugellager.mp3?_=3\" \/><a href=\"http:\/\/akustische-kamera.fkm-r.de\/wp-content\/uploads\/2019\/12\/Stationaerer-Betrieb-mit-defektem-Rillenkugellager.mp3\">http:\/\/akustische-kamera.fkm-r.de\/wp-content\/uploads\/2019\/12\/Stationaerer-Betrieb-mit-defektem-Rillenkugellager.mp3<\/a><\/audio>\n<p><span style=\"color: #ffffff;\">.<\/span><\/p>\n<p>Station\u00e4rer Betrieb mit neuem Rillenkugellager<\/p>\n<audio class=\"wp-audio-shortcode\" id=\"audio-554-4\" preload=\"none\" style=\"width: 100%;\" controls=\"controls\"><source type=\"audio\/mpeg\" src=\"http:\/\/akustische-kamera.fkm-r.de\/wp-content\/uploads\/2019\/12\/Stationaerer-Betrieb-mit-neuen-Rillenkugellager.mp3?_=4\" \/><a href=\"http:\/\/akustische-kamera.fkm-r.de\/wp-content\/uploads\/2019\/12\/Stationaerer-Betrieb-mit-neuen-Rillenkugellager.mp3\">http:\/\/akustische-kamera.fkm-r.de\/wp-content\/uploads\/2019\/12\/Stationaerer-Betrieb-mit-neuen-Rillenkugellager.mp3<\/a><\/audio>\n<p style=\"text-align: center;\">\n<div>\n<hr size=\"1\" \/>\n<div>\n<p><a href=\"#_ftnref1\">(2)<\/a> Bei den verbauten Kugellagern handelt es sich um ein Rillenkugellager 6306 2Z\/C3 vom Hersteller SKF. Diese sind beidseitig mit einer Deckscheibe ausgef\u00fchrt. Die verwendete Dichtungsart entspricht einer Spaltdichtung am Lagerinnenring.<\/p>\n<\/div>\n<\/div>\n<div>\n<hr size=\"1\" \/>\n<div>\n<p><a href=\"#_ftnref1\">(1)<\/a> Es handelt sich um die Waschmaschine WA 4740 vom Hersteller Bauknecht.<\/p>\n<\/div>\n<\/div>\n","protected":false},"excerpt":{"rendered":"<p>Messobjekt &#8211; Waschmaschine Bei der nachfolgend zu untersuchenden Waschmaschine(1) handelt es sich um einen sog. Frontlader, welcher eine max. Drehzahl von 1400 1\/min erreichen kann. Je nach dem auf welches Programm die Maschine gerade eingestellt ist, sind auch die Drehzahlen &hellip; <a href=\"http:\/\/akustische-kamera.fkm-r.de\/?page_id=554\">Weiterlesen <span class=\"meta-nav\">&rarr;<\/span><\/a><\/p>\n","protected":false},"author":2,"featured_media":0,"parent":52,"menu_order":7,"comment_status":"closed","ping_status":"open","template":"","meta":[],"_links":{"self":[{"href":"http:\/\/akustische-kamera.fkm-r.de\/index.php?rest_route=\/wp\/v2\/pages\/554"}],"collection":[{"href":"http:\/\/akustische-kamera.fkm-r.de\/index.php?rest_route=\/wp\/v2\/pages"}],"about":[{"href":"http:\/\/akustische-kamera.fkm-r.de\/index.php?rest_route=\/wp\/v2\/types\/page"}],"author":[{"embeddable":true,"href":"http:\/\/akustische-kamera.fkm-r.de\/index.php?rest_route=\/wp\/v2\/users\/2"}],"replies":[{"embeddable":true,"href":"http:\/\/akustische-kamera.fkm-r.de\/index.php?rest_route=%2Fwp%2Fv2%2Fcomments&post=554"}],"version-history":[{"count":35,"href":"http:\/\/akustische-kamera.fkm-r.de\/index.php?rest_route=\/wp\/v2\/pages\/554\/revisions"}],"predecessor-version":[{"id":947,"href":"http:\/\/akustische-kamera.fkm-r.de\/index.php?rest_route=\/wp\/v2\/pages\/554\/revisions\/947"}],"up":[{"embeddable":true,"href":"http:\/\/akustische-kamera.fkm-r.de\/index.php?rest_route=\/wp\/v2\/pages\/52"}],"wp:attachment":[{"href":"http:\/\/akustische-kamera.fkm-r.de\/index.php?rest_route=%2Fwp%2Fv2%2Fmedia&parent=554"}],"curies":[{"name":"wp","href":"https:\/\/api.w.org\/{rel}","templated":true}]}}