{"id":473,"date":"2011-08-25T22:32:17","date_gmt":"2011-08-25T22:32:17","guid":{"rendered":"http:\/\/akustische-kamera.fkm-r.de\/?page_id=473"},"modified":"2011-08-29T03:48:59","modified_gmt":"2011-08-29T03:48:59","slug":"untersuchung-des-spektrogramms","status":"publish","type":"page","link":"http:\/\/akustische-kamera.fkm-r.de\/?page_id=473","title":{"rendered":"Untersuchung des Spektrogramms"},"content":{"rendered":"<p style=\"text-align: justify;\">Das zur Messung im Leer- bzw. Lastlaufbetrieb geh\u00f6rende Spektrogramm ist im Bild visualisiert. Darin wurde f\u00fcr den Effektivwert des Schalldruckes eine logarithmische Darstellung in der Pegelgr\u00f6\u00dfe dB gew\u00e4hlt. Au\u00dferdem wurde die Anzeige des Frequenzbereichs bis zu einer oberen Grenze von 10000 Hz festgelegt.<\/p>\n<div id=\"attachment_476\" style=\"width: 883px\" class=\"wp-caption aligncenter\"><a href=\"http:\/\/akustische-kamera.fkm-r.de\/wp-content\/uploads\/2011\/08\/Spektrogramm1.bmp\" data-rel=\"lightbox-image-0\" data-rl_title=\"\" data-rl_caption=\"\"><img aria-describedby=\"caption-attachment-476\" decoding=\"async\" loading=\"lazy\" class=\"size-full wp-image-476 \" title=\"\" src=\"http:\/\/akustische-kamera.fkm-r.de\/wp-content\/uploads\/2011\/08\/Spektrogramm1.bmp\" alt=\"\" width=\"873\" height=\"382\" \/><\/a><p id=\"caption-attachment-476\" class=\"wp-caption-text\">Bild: Spektrogramm der Tischkreiss\u00e4ge im Leer- bzw. Lastlauf <\/p><\/div>\n<p style=\"text-align: justify;\">Mit Hilfe des Spektrogramms kann zun\u00e4chst festgestellt werden, dass w\u00e4hrend des Leerlaufbetriebs die dominierenden Schalldruckpegel bei deutlich niedrigeren Frequenzen auftreten, als dies im Lastlaufbetrieb der Fall ist. Im Leerlaufbetrieb treten diese beispielsweise zum einen im rel. tieffrequenten Bereich von unter 200 Hz auf und zum anderen in einem etwas h\u00f6her liegenden Bereich zwischen 1600 und 2800 Hz. Im Lastlaufbetrieb dagegen liegt ein breites Spektrum an ger\u00e4uschdominierenden Frequenzen vor. Dieses erstreckt sich nahezu auf den gesamten Frequenzbereich von 10000 Hz. Die darin enthaltenen max. Schalldruckpegel werden dabei durch Resonanzeffekte hervorgerufen. Diese k\u00f6nnen im Spektrogramm besonders deutlich in den Frequenzbereichen um 1200 Hz und um 2400 Hz festgestellt werden (vgl. markierte Stellen im Bild).<\/p>\n<p style=\"text-align: justify;\">Das breitere Spektrum an Frequenzen im Lastlaufbetrieb ist dabei auf die Tatsache zur\u00fcckzuf\u00fchren, dass die w\u00e4hrend des Schneidvorgangs im Eingriff befindlichen S\u00e4geblattz\u00e4hne zur zus\u00e4tzlichen Schwingungsanregung sowohl im S\u00e4geblatt, wie auch im zu schneidenden Werkst\u00fcck f\u00fchren. Dadurch wird die umgebende Luft ebenfalls in Schwingungen versetzt, die letztlich f\u00fcr zus\u00e4tzlichen Luftschall, und damit f\u00fcr zus\u00e4tzliche Frequenzen verantwortlich sind. [1]<\/p>\n<p style=\"text-align: justify;\">&nbsp;<\/p>\n<p style=\"text-align: justify;\">&nbsp;<\/p>\n<p style=\"text-align: justify;\">&nbsp;<\/p>\n<p style=\"text-align: justify;\">Quelle:<\/p>\n<p>[1]\u00a0\u00a0\u00a0\u00a0 Schr\u00f6der Felix: &#8222;Minus ZEHN&#8220; &#8211; Ganzheitliche L\u00e4rmreduktion in der Holzbearbeitung,www.fgw.de\/index.php?idcatside=130 (Sichtag: 10.08.2011)<\/p>\n","protected":false},"excerpt":{"rendered":"<p>Das zur Messung im Leer- bzw. Lastlaufbetrieb geh\u00f6rende Spektrogramm ist im Bild visualisiert. Darin wurde f\u00fcr den Effektivwert des Schalldruckes eine logarithmische Darstellung in der Pegelgr\u00f6\u00dfe dB gew\u00e4hlt. Au\u00dferdem wurde die Anzeige des Frequenzbereichs bis zu einer oberen Grenze von &hellip; <a href=\"http:\/\/akustische-kamera.fkm-r.de\/?page_id=473\">Weiterlesen <span class=\"meta-nav\">&rarr;<\/span><\/a><\/p>\n","protected":false},"author":2,"featured_media":0,"parent":399,"menu_order":2,"comment_status":"closed","ping_status":"closed","template":"","meta":[],"_links":{"self":[{"href":"http:\/\/akustische-kamera.fkm-r.de\/index.php?rest_route=\/wp\/v2\/pages\/473"}],"collection":[{"href":"http:\/\/akustische-kamera.fkm-r.de\/index.php?rest_route=\/wp\/v2\/pages"}],"about":[{"href":"http:\/\/akustische-kamera.fkm-r.de\/index.php?rest_route=\/wp\/v2\/types\/page"}],"author":[{"embeddable":true,"href":"http:\/\/akustische-kamera.fkm-r.de\/index.php?rest_route=\/wp\/v2\/users\/2"}],"replies":[{"embeddable":true,"href":"http:\/\/akustische-kamera.fkm-r.de\/index.php?rest_route=%2Fwp%2Fv2%2Fcomments&post=473"}],"version-history":[{"count":7,"href":"http:\/\/akustische-kamera.fkm-r.de\/index.php?rest_route=\/wp\/v2\/pages\/473\/revisions"}],"predecessor-version":[{"id":756,"href":"http:\/\/akustische-kamera.fkm-r.de\/index.php?rest_route=\/wp\/v2\/pages\/473\/revisions\/756"}],"up":[{"embeddable":true,"href":"http:\/\/akustische-kamera.fkm-r.de\/index.php?rest_route=\/wp\/v2\/pages\/399"}],"wp:attachment":[{"href":"http:\/\/akustische-kamera.fkm-r.de\/index.php?rest_route=%2Fwp%2Fv2%2Fmedia&parent=473"}],"curies":[{"name":"wp","href":"https:\/\/api.w.org\/{rel}","templated":true}]}}