{"id":464,"date":"2011-08-25T22:14:31","date_gmt":"2011-08-25T22:14:31","guid":{"rendered":"http:\/\/akustische-kamera.fkm-r.de\/?page_id=464"},"modified":"2011-08-25T22:29:33","modified_gmt":"2011-08-25T22:29:33","slug":"untersuchung-der-schalldruckverlaufe","status":"publish","type":"page","link":"http:\/\/akustische-kamera.fkm-r.de\/?page_id=464","title":{"rendered":"Untersuchung der Schalldruckverl\u00e4ufe"},"content":{"rendered":"<p style=\"text-align: justify;\">Im Bild sind die Schalldruckverl\u00e4ufe der Messung der Tischkreiss\u00e4ge im Leer- und Lastlaufbetrieb dargestellt. Der \u00dcbergang vom Leerlauf- in den Lastlaufbetrieb kann deutlich in den Spr\u00fcngen der Schalldruckverl\u00e4ufe erkannt werden. Dabei erreichen die Schalldr\u00fccke w\u00e4hrend des Leerlaufbetriebs selten mehr als 200 mPa. Im Lastlaufbetrieb dagegen \u00fcberschreiten diese teilweise sogar 800 mPa.<\/p>\n<div id=\"attachment_465\" style=\"width: 768px\" class=\"wp-caption aligncenter\"><a href=\"http:\/\/akustische-kamera.fkm-r.de\/wp-content\/uploads\/2011\/08\/Schalldruckverl\u00e4ufe.bmp\" data-rel=\"lightbox-image-0\" data-rl_title=\"\" data-rl_caption=\"\"><img aria-describedby=\"caption-attachment-465\" decoding=\"async\" loading=\"lazy\" class=\"size-full wp-image-465\" title=\"\" src=\"http:\/\/akustische-kamera.fkm-r.de\/wp-content\/uploads\/2011\/08\/Schalldruckverl\u00e4ufe.bmp\" alt=\"\" width=\"758\" height=\"332\" \/><\/a><p id=\"caption-attachment-465\" class=\"wp-caption-text\">Bild: Schalldruckverl\u00e4ufe<\/p><\/div>\n<p>&nbsp;<\/p>\n","protected":false},"excerpt":{"rendered":"<p>Im Bild sind die Schalldruckverl\u00e4ufe der Messung der Tischkreiss\u00e4ge im Leer- und Lastlaufbetrieb dargestellt. Der \u00dcbergang vom Leerlauf- in den Lastlaufbetrieb kann deutlich in den Spr\u00fcngen der Schalldruckverl\u00e4ufe erkannt werden. Dabei erreichen die Schalldr\u00fccke w\u00e4hrend des Leerlaufbetriebs selten mehr als &hellip; <a href=\"http:\/\/akustische-kamera.fkm-r.de\/?page_id=464\">Weiterlesen <span class=\"meta-nav\">&rarr;<\/span><\/a><\/p>\n","protected":false},"author":2,"featured_media":0,"parent":399,"menu_order":1,"comment_status":"closed","ping_status":"closed","template":"","meta":[],"_links":{"self":[{"href":"http:\/\/akustische-kamera.fkm-r.de\/index.php?rest_route=\/wp\/v2\/pages\/464"}],"collection":[{"href":"http:\/\/akustische-kamera.fkm-r.de\/index.php?rest_route=\/wp\/v2\/pages"}],"about":[{"href":"http:\/\/akustische-kamera.fkm-r.de\/index.php?rest_route=\/wp\/v2\/types\/page"}],"author":[{"embeddable":true,"href":"http:\/\/akustische-kamera.fkm-r.de\/index.php?rest_route=\/wp\/v2\/users\/2"}],"replies":[{"embeddable":true,"href":"http:\/\/akustische-kamera.fkm-r.de\/index.php?rest_route=%2Fwp%2Fv2%2Fcomments&post=464"}],"version-history":[{"count":7,"href":"http:\/\/akustische-kamera.fkm-r.de\/index.php?rest_route=\/wp\/v2\/pages\/464\/revisions"}],"predecessor-version":[{"id":472,"href":"http:\/\/akustische-kamera.fkm-r.de\/index.php?rest_route=\/wp\/v2\/pages\/464\/revisions\/472"}],"up":[{"embeddable":true,"href":"http:\/\/akustische-kamera.fkm-r.de\/index.php?rest_route=\/wp\/v2\/pages\/399"}],"wp:attachment":[{"href":"http:\/\/akustische-kamera.fkm-r.de\/index.php?rest_route=%2Fwp%2Fv2%2Fmedia&parent=464"}],"curies":[{"name":"wp","href":"https:\/\/api.w.org\/{rel}","templated":true}]}}