{"id":374,"date":"2011-08-25T10:23:32","date_gmt":"2011-08-25T10:23:32","guid":{"rendered":"http:\/\/akustische-kamera.fkm-r.de\/?page_id=374"},"modified":"2011-09-02T15:05:31","modified_gmt":"2011-09-02T15:05:31","slug":"suche-nach-den-gerauschdominierenden-schallquellen","status":"publish","type":"page","link":"http:\/\/akustische-kamera.fkm-r.de\/?page_id=374","title":{"rendered":"Suche nach den ger\u00e4uschdominierenden Schallquellen"},"content":{"rendered":"<p style=\"text-align: justify;\">Nachfolgend wurde analysiert, welche Bauteile bzw. Komponenten des PCs w\u00e4hrend des station\u00e4ren Betriebs den gr\u00f6\u00dften Einfluss auf die Ger\u00e4uschentstehung haben. Dazu wurden aus dem Spektrogramm der Messung ohne Abdeckblech diejenigen Frequenzbereiche ausgew\u00e4hlt, in denen die vorherrschenden Schalldruckpegel insgesamt am gr\u00f6\u00dften sind. Anschlie\u00dfend wurden aus den ausgew\u00e4hlten Bereichen akustische Fotos erstellt, um die dominierenden Schallquellen lokalisieren zu k\u00f6nnen.<\/p>\n<p style=\"text-align: justify;\">Bild 1 zeigt das zur Messung ohne Abdeckblech geh\u00f6rende Spektrogramm mit den markierten Frequenzbereichen, aus denen akustische Fotos erstellt wurden. Dabei ist zum einen der mit <strong>a<\/strong> bezeichnete Bereich von 3000 bis 3600 Hz und zum anderen der mit <strong>b<\/strong> bezeichnete Bereich von 1300 bis 1600 Hz selektiert worden, da die max. Schalldruckpegel schwerpunktm\u00e4\u00dfig in diesen Bereichen auftreten.<\/p>\n<div class=\"mceTemp mceIEcenter\" style=\"text-align: justify;\">\n<dl id=\"attachment_381\" class=\"wp-caption aligncenter\" style=\"width: 747px;\">\n<dt class=\"wp-caption-dt\"><a href=\"http:\/\/akustische-kamera.fkm-r.de\/wp-content\/uploads\/2011\/08\/Spektrogramm-mit-Markierungen.bmp\" data-rel=\"lightbox-image-0\" data-rl_title=\"\" data-rl_caption=\"\"><img decoding=\"async\" loading=\"lazy\" class=\"size-full wp-image-381  \" title=\"\" src=\"http:\/\/akustische-kamera.fkm-r.de\/wp-content\/uploads\/2011\/08\/Spektrogramm-mit-Markierungen.bmp\" alt=\"\" width=\"737\" height=\"294\" \/><\/a><\/dt>\n<dd class=\"wp-caption-dd\">Bild 1: Spektrogramm des PCs ohne Abdeckblech mit markierten Bereichen<\/dd>\n<\/dl>\n<\/div>\n<p style=\"text-align: justify;\">In Bild 2 sind die aus den Frequenzbereichen a und b erstellten akustischen Fotos visualisiert. Das linke akustische Foto zeigt, dass die zwischen 1300 und 1600 Hz vorherrschenden Schalldruckpegel vom L\u00fcfter am Netzteil hervorgerufen werden. Zudem kann festgestellt werden, dass in der rechten unteren Geh\u00e4useecke eine weniger stark ausgepr\u00e4gte zweite \u201eSchallquelle\u201c auftritt. Bei dieser handelt es sich allerdings um eine sog. Scheinquelle, welche vermutlich durch Reflexion der Schallwellen an den Geh\u00e4usew\u00e4nden verursacht wurde. Dem rechten akustischen Foto kann entnommen werden, dass die zwischen 3000 und 3600 Hz vorherrschenden Schalldruckpegel vom Ventilator des Prozessors verursacht werden.<\/p>\n<div id=\"attachment_386\" style=\"width: 796px\" class=\"wp-caption aligncenter\"><a href=\"http:\/\/akustische-kamera.fkm-r.de\/wp-content\/uploads\/2011\/08\/akustische-Fotos-ohne-Abdeckblech.bmp\" data-rel=\"lightbox-image-1\" data-rl_title=\"\" data-rl_caption=\"\"><img aria-describedby=\"caption-attachment-386\" decoding=\"async\" loading=\"lazy\" class=\"size-full wp-image-386 \" title=\"\" src=\"http:\/\/akustische-kamera.fkm-r.de\/wp-content\/uploads\/2011\/08\/akustische-Fotos-ohne-Abdeckblech.bmp\" alt=\"\" width=\"786\" height=\"297\" \/><\/a><p id=\"caption-attachment-386\" class=\"wp-caption-text\">Bild 2: akustische Fotos aus den zuvor ausgew\u00e4hlten Bereichen: links bzgl. Bereich b; rechts bzgl. Bereich a<\/p><\/div>\n<p style=\"text-align: center;\">\n<p style=\"text-align: justify;\">\n","protected":false},"excerpt":{"rendered":"<p>Nachfolgend wurde analysiert, welche Bauteile bzw. Komponenten des PCs w\u00e4hrend des station\u00e4ren Betriebs den gr\u00f6\u00dften Einfluss auf die Ger\u00e4uschentstehung haben. Dazu wurden aus dem Spektrogramm der Messung ohne Abdeckblech diejenigen Frequenzbereiche ausgew\u00e4hlt, in denen die vorherrschenden Schalldruckpegel insgesamt am gr\u00f6\u00dften &hellip; <a href=\"http:\/\/akustische-kamera.fkm-r.de\/?page_id=374\">Weiterlesen <span class=\"meta-nav\">&rarr;<\/span><\/a><\/p>\n","protected":false},"author":2,"featured_media":0,"parent":356,"menu_order":2,"comment_status":"closed","ping_status":"closed","template":"","meta":[],"_links":{"self":[{"href":"http:\/\/akustische-kamera.fkm-r.de\/index.php?rest_route=\/wp\/v2\/pages\/374"}],"collection":[{"href":"http:\/\/akustische-kamera.fkm-r.de\/index.php?rest_route=\/wp\/v2\/pages"}],"about":[{"href":"http:\/\/akustische-kamera.fkm-r.de\/index.php?rest_route=\/wp\/v2\/types\/page"}],"author":[{"embeddable":true,"href":"http:\/\/akustische-kamera.fkm-r.de\/index.php?rest_route=\/wp\/v2\/users\/2"}],"replies":[{"embeddable":true,"href":"http:\/\/akustische-kamera.fkm-r.de\/index.php?rest_route=%2Fwp%2Fv2%2Fcomments&post=374"}],"version-history":[{"count":20,"href":"http:\/\/akustische-kamera.fkm-r.de\/index.php?rest_route=\/wp\/v2\/pages\/374\/revisions"}],"predecessor-version":[{"id":787,"href":"http:\/\/akustische-kamera.fkm-r.de\/index.php?rest_route=\/wp\/v2\/pages\/374\/revisions\/787"}],"up":[{"embeddable":true,"href":"http:\/\/akustische-kamera.fkm-r.de\/index.php?rest_route=\/wp\/v2\/pages\/356"}],"wp:attachment":[{"href":"http:\/\/akustische-kamera.fkm-r.de\/index.php?rest_route=%2Fwp%2Fv2%2Fmedia&parent=374"}],"curies":[{"name":"wp","href":"https:\/\/api.w.org\/{rel}","templated":true}]}}