{"id":325,"date":"2011-08-24T17:15:33","date_gmt":"2011-08-24T17:15:33","guid":{"rendered":"http:\/\/akustische-kamera.fkm-r.de\/?page_id=325"},"modified":"2011-08-29T01:49:53","modified_gmt":"2011-08-29T01:49:53","slug":"untersuchung-der-schalldruckverlaufe-2","status":"publish","type":"page","link":"http:\/\/akustische-kamera.fkm-r.de\/?page_id=325","title":{"rendered":"Untersuchung der Schalldruckverl\u00e4ufe"},"content":{"rendered":"<p style=\"text-align: justify;\">In Bild 1 sind die aufgenommenen Kanaldaten dargestellt, die den Verlauf der Schalldr\u00fccke w\u00e4hrend der durchgef\u00fchrten Messung anzeigen. Daraus kann beispielsweise entnommen werden, dass nach ca. 1400 ms der h\u00f6chste Schalldruck mit einem Maximalwert von ca. 1900 mPa auftritt. Weiterhin kann festgestellt werden, dass sich \u00fcber den gesamten Messbereich von 4000 ms lokale, nadelf\u00f6rmige Ausschl\u00e4ge in den Schalldruckverl\u00e4ufen erstrecken.<\/p>\n<p style=\"text-align: justify;\">In Bild 2 ist ein vergr\u00f6\u00dferter Ausschnitt der Schalldruckverl\u00e4ufe f\u00fcr  die Messzeit zwischen 1000 bis 1500 ms aufgezeigt, welcher von f\u00fcnf  einzelnen Hammerschl\u00e4gen erzeugt wurde. Darin kann festgestellt werden,  dass bei jedem Hammerimpuls ein deutlicher Ausschlag in den Verl\u00e4ufen zu  erkennen ist, welcher anschlie\u00dfend rasch abklingt. Dies ist dabei  charakteristisch f\u00fcr impulsartige Schallereignisse. In diesem  Zusammenhang spricht man auch von sog. Impulsschall<strong><a href=\"post.php?post=325&amp;action=edit&amp;message=1#_ftn1\">(1)<\/a><\/strong>.<\/p>\n<div class=\"mceTemp mceIEcenter\" style=\"text-align: justify;\">\n<dl id=\"attachment_430\" class=\"wp-caption aligncenter\" style=\"width: 828px;\">\n<dt class=\"wp-caption-dt\"><a href=\"http:\/\/akustische-kamera.fkm-r.de\/wp-content\/uploads\/2011\/08\/Schalldruckverlauf.bmp\" data-rel=\"lightbox-image-0\" data-rl_title=\"\" data-rl_caption=\"\"><img decoding=\"async\" loading=\"lazy\" class=\"size-full wp-image-430\" title=\"\" src=\"http:\/\/akustische-kamera.fkm-r.de\/wp-content\/uploads\/2011\/08\/Schalldruckverlauf.bmp\" alt=\"\" width=\"818\" height=\"345\" \/><\/a><\/dt>\n<dd class=\"wp-caption-dd\">Bild 1: Schalldruckverl\u00e4ufe<\/dd>\n<\/dl>\n<\/div>\n<p>&nbsp;<\/p>\n<div id=\"attachment_432\" style=\"width: 829px\" class=\"wp-caption aligncenter\"><a href=\"http:\/\/akustische-kamera.fkm-r.de\/wp-content\/uploads\/2011\/08\/Schalldruckverlauf_Impulsschall.bmp\" data-rel=\"lightbox-image-1\" data-rl_title=\"\" data-rl_caption=\"\"><img aria-describedby=\"caption-attachment-432\" decoding=\"async\" loading=\"lazy\" class=\"size-full wp-image-432 \" title=\"\" src=\"http:\/\/akustische-kamera.fkm-r.de\/wp-content\/uploads\/2011\/08\/Schalldruckverlauf_Impulsschall.bmp\" alt=\"\" width=\"819\" height=\"345\" \/><\/a><p id=\"caption-attachment-432\" class=\"wp-caption-text\">Bild 2: vergr\u00f6\u00dferter Ausschnitt<\/p><\/div>\n<p style=\"text-align: justify;\">&nbsp;<\/p>\n<p style=\"text-align: justify;\">&nbsp;<\/p>\n<div>\n<hr size=\"1\" \/>\n<div>\n<p><strong><a href=\"#_ftnref1\">(1)<\/a><\/strong> Bezeichnung f\u00fcr einzeln oder seriell auftretende Schallereignisse, die einen gro\u00dfen Anteil an Schwingungen mit h\u00f6heren Frequenzen besitzen und von kurzer Dauer sind. Impulsschall tritt vor allem bei knallartigen Ger\u00e4uschen auf.<\/p>\n<\/div>\n<\/div>\n<p>&nbsp;<\/p>\n","protected":false},"excerpt":{"rendered":"<p>In Bild 1 sind die aufgenommenen Kanaldaten dargestellt, die den Verlauf der Schalldr\u00fccke w\u00e4hrend der durchgef\u00fchrten Messung anzeigen. Daraus kann beispielsweise entnommen werden, dass nach ca. 1400 ms der h\u00f6chste Schalldruck mit einem Maximalwert von ca. 1900 mPa auftritt. Weiterhin &hellip; <a href=\"http:\/\/akustische-kamera.fkm-r.de\/?page_id=325\">Weiterlesen <span class=\"meta-nav\">&rarr;<\/span><\/a><\/p>\n","protected":false},"author":2,"featured_media":0,"parent":305,"menu_order":1,"comment_status":"closed","ping_status":"open","template":"","meta":[],"_links":{"self":[{"href":"http:\/\/akustische-kamera.fkm-r.de\/index.php?rest_route=\/wp\/v2\/pages\/325"}],"collection":[{"href":"http:\/\/akustische-kamera.fkm-r.de\/index.php?rest_route=\/wp\/v2\/pages"}],"about":[{"href":"http:\/\/akustische-kamera.fkm-r.de\/index.php?rest_route=\/wp\/v2\/types\/page"}],"author":[{"embeddable":true,"href":"http:\/\/akustische-kamera.fkm-r.de\/index.php?rest_route=\/wp\/v2\/users\/2"}],"replies":[{"embeddable":true,"href":"http:\/\/akustische-kamera.fkm-r.de\/index.php?rest_route=%2Fwp%2Fv2%2Fcomments&post=325"}],"version-history":[{"count":11,"href":"http:\/\/akustische-kamera.fkm-r.de\/index.php?rest_route=\/wp\/v2\/pages\/325\/revisions"}],"predecessor-version":[{"id":428,"href":"http:\/\/akustische-kamera.fkm-r.de\/index.php?rest_route=\/wp\/v2\/pages\/325\/revisions\/428"}],"up":[{"embeddable":true,"href":"http:\/\/akustische-kamera.fkm-r.de\/index.php?rest_route=\/wp\/v2\/pages\/305"}],"wp:attachment":[{"href":"http:\/\/akustische-kamera.fkm-r.de\/index.php?rest_route=%2Fwp%2Fv2%2Fmedia&parent=325"}],"curies":[{"name":"wp","href":"https:\/\/api.w.org\/{rel}","templated":true}]}}