{"id":163,"date":"2011-08-10T13:59:46","date_gmt":"2011-08-10T13:59:46","guid":{"rendered":"http:\/\/akustische-kamera.fkm-r.de\/?page_id=163"},"modified":"2011-08-10T14:04:25","modified_gmt":"2011-08-10T14:04:25","slug":"163-2","status":"publish","type":"page","link":"http:\/\/akustische-kamera.fkm-r.de\/?page_id=163","title":{"rendered":"Suchen eines Arbeitsspiels"},"content":{"rendered":"<h3><\/h3>\n<p>F\u00fcr ein Arbeitsspiel ben\u00f6tigt der 4-Takt-Motor zwei Umdrehungen. Die  Nockenwelle, die die Ventile bet\u00e4tigt, l\u00e4uft mit der halben Drehzahl der  Kurbelwelle.<\/p>\n<p>&nbsp;<\/p>\n<p><img decoding=\"async\" src=\"file:\/\/\/C:\/Users\/ansys\/AppData\/Local\/Temp\/moz-screenshot.png\" alt=\"\" \/><\/p>\n<div class=\"mceTemp mceIEcenter\" style=\"text-align: center;\">\n<dl id=\"attachment_92\" class=\"wp-caption  aligncenter\" style=\"width: 310px;\">\n<dt><a href=\"..\/wp-content\/uploads\/2011\/08\/4-takte1.png\" data-rel=\"lightbox-image-0\" data-rl_title=\"\" data-rl_caption=\"\"><img decoding=\"async\" loading=\"lazy\" title=\"\" src=\"..\/wp-content\/uploads\/2011\/08\/4-takte1-300x186.png\" alt=\"\" width=\"300\" height=\"186\" \/><\/a> <\/dt>\n<dd>\n<\/dd>\n<\/dl>\n<\/div>\n<p>Wird  eine Leerlaufdrehzahl von 1200 1\/min angenommen, ben\u00f6tigt die  Kurbelwelle f\u00fcr eine Umdrehung 50ms und die Nockenwelle 100ms. F\u00fcr einen  kompletten Arbeitszyklus ben\u00f6tigt der Motor dann ebenfalls 100ms.  Zwischen den einzelnen Takten liegen bei dieser Drehzahl also 25ms.  Theoretisch m\u00fcssten die gr\u00f6\u00dften Schalldruckpegel im Arbeitstakt  auftreten und folglich m\u00fcsste der Abstand zwischen zwei solchen Punkten  bei Leerlauf etwa 100ms betragen.<\/p>\n<p>In Abb. 3 kann man diese Punkte im Abstand von etwa 80ms bei 3 kHz  erkennen. Diese Punkte lassen sich \u00fcber die ganze Messung immer wieder  dem unteren Teil des Zylinderkopfes zuordnen. In diesem Bereich findet  die Gemisch-Z\u00fcndung statt. Der dadurch hervorgerufene Druck wird also  \u00fcber K\u00f6rperschall an die Zylinderwand weitergegeben und kann dann wieder  als Luftschall von den Mikrofonen erfasst werden.<\/p>\n<div class=\"mceTemp mceIEcenter\">\n<dl id=\"attachment_89\" class=\"wp-caption  aligncenter\" style=\"width: 650px;\">\n<dt><a href=\"..\/wp-content\/uploads\/2011\/08\/Arbeitstakte1.png\" data-rel=\"lightbox-image-1\" data-rl_title=\"\" data-rl_caption=\"\"><img decoding=\"async\" loading=\"lazy\" title=\"\" src=\"..\/wp-content\/uploads\/2011\/08\/Arbeitstakte1-1024x837.png\" alt=\"\" width=\"640\" height=\"523\" \/><\/a> <\/dt>\n<dd>Abb.3: Spektrogramm und daraus abgeleitetes akustisches Bild des Arbeitstaktes <\/dd>\n<\/dl>\n<\/div>\n","protected":false},"excerpt":{"rendered":"<p>F\u00fcr ein Arbeitsspiel ben\u00f6tigt der 4-Takt-Motor zwei Umdrehungen. Die Nockenwelle, die die Ventile bet\u00e4tigt, l\u00e4uft mit der halben Drehzahl der Kurbelwelle. &nbsp; Wird eine Leerlaufdrehzahl von 1200 1\/min angenommen, ben\u00f6tigt die Kurbelwelle f\u00fcr eine Umdrehung 50ms und die Nockenwelle 100ms. &hellip; <a href=\"http:\/\/akustische-kamera.fkm-r.de\/?page_id=163\">Weiterlesen <span class=\"meta-nav\">&rarr;<\/span><\/a><\/p>\n","protected":false},"author":2,"featured_media":0,"parent":73,"menu_order":0,"comment_status":"closed","ping_status":"open","template":"sidebar-content-sidebar-template.php","meta":[],"_links":{"self":[{"href":"http:\/\/akustische-kamera.fkm-r.de\/index.php?rest_route=\/wp\/v2\/pages\/163"}],"collection":[{"href":"http:\/\/akustische-kamera.fkm-r.de\/index.php?rest_route=\/wp\/v2\/pages"}],"about":[{"href":"http:\/\/akustische-kamera.fkm-r.de\/index.php?rest_route=\/wp\/v2\/types\/page"}],"author":[{"embeddable":true,"href":"http:\/\/akustische-kamera.fkm-r.de\/index.php?rest_route=\/wp\/v2\/users\/2"}],"replies":[{"embeddable":true,"href":"http:\/\/akustische-kamera.fkm-r.de\/index.php?rest_route=%2Fwp%2Fv2%2Fcomments&post=163"}],"version-history":[{"count":4,"href":"http:\/\/akustische-kamera.fkm-r.de\/index.php?rest_route=\/wp\/v2\/pages\/163\/revisions"}],"predecessor-version":[{"id":166,"href":"http:\/\/akustische-kamera.fkm-r.de\/index.php?rest_route=\/wp\/v2\/pages\/163\/revisions\/166"}],"up":[{"embeddable":true,"href":"http:\/\/akustische-kamera.fkm-r.de\/index.php?rest_route=\/wp\/v2\/pages\/73"}],"wp:attachment":[{"href":"http:\/\/akustische-kamera.fkm-r.de\/index.php?rest_route=%2Fwp%2Fv2%2Fmedia&parent=163"}],"curies":[{"name":"wp","href":"https:\/\/api.w.org\/{rel}","templated":true}]}}